{"id":5949,"date":"2024-02-24T22:22:00","date_gmt":"2024-02-24T21:22:00","guid":{"rendered":"https:\/\/diragir.com\/?post_type=product&#038;p=5949"},"modified":"2024-02-24T22:25:42","modified_gmt":"2024-02-24T21:25:42","slug":"coaching-et-flash-coaching-des-tpe-et-des-independants-3-sessions","status":"publish","type":"product","link":"https:\/\/diragir.com\/fr\/produit\/coaching-et-flash-coaching-des-tpe-et-des-independants-3-sessions\/","title":{"rendered":"Coaching et flash coaching des TPE et des ind\u00e9pendants (3 sessions)"},"content":{"rendered":"","protected":false},"excerpt":{"rendered":"<p><strong>Forfait coaching ou flash coaching de 20 \u00a0s\u00e9ances d\u2019 1h-1h15 et \u00e0 distance (Zoom, skype, t\u00e9l\u00e9phone)\u00a0 \u00e0 utiliser au choix en fonction de VOS \u00a0besoins \u00e0 l\u2019unit\u00e9, en continu sur une p\u00e9riode de 2,3,4 ou 6 mois et puis retour \u00e0 l\u2019unit\u00e9 et ce, dans les 12 \u00e0 15 mois max \u00e0 partir de la date d\u2019achat. \u00a0C\u2019est tr\u00e8s flexible!<\/strong><\/p>\n<p>En achetant aujourd\u2019hui un forfait de 20 s\u00e9ances, les deux derni\u00e8res s\u00e9ances vous sont offertes !<\/p>\n<p>Savez-vous que les tarifs de coaching en entreprise sont, en fonction de la s\u00e9niorit\u00e9 du coach et du degr\u00e9 de certification, entre 250 euros de l\u2019heure pour un junior et 700 euros\/heure? \u00a0Et pour un coach s\u00e9nior certifi\u00e9 ICF PCC (ce que je suis) , le tarif recommand\u00e9 est autour de \u00a0450 euros HT.\u00a0<strong>Alors, la s\u00e9ance de coaching en entreprise \u00e0 un tarif compris entre 202,5 et 225 euros HT en fonction du forfait choisi , c\u2019est exceptionnel. C\u2019est cadeau et vous avez raison d\u2019en profiter<\/strong>\u00a0<strong>!<\/strong><br \/>\n<strong>Le retour sur investissement est bien sup\u00e9rieur \u00e0 ces tarifs.<\/strong>\u00a0\u00a0<strong>Exemples : \u00a0+ 42 000 bouteilles de vin tr\u00e8s haut de gamme vendues sur le segment \u00ab\u00a0particuliers\u00a0\u00bb (SAS Philippe Pacalet). \u00a0Ou encore : + 30% de chiffre d\u2019affaires dans un contexte de crise et \u00a0r\u00e9sultat net avant imp\u00f4t multipli\u00e9 par 2 (KSB Maroc).<\/strong><\/p>\n<p><strong><br \/>\nR\u00e9servez votre place car cette offre est en nombre limit\u00e9 !<br \/>\nLa s\u00e9ance de coaching repr\u00e9sente un investissement entre 202,5 et 225 euros HT seulement soit\u00a0 entre 243 euros TTC et 270 euros TTC pour un retour sur investissement nettement sup\u00e9rieur. \u00a0 Cette offre, exceptionnelle et non remboursable, est pour VOUS si vous \u00eates motiv\u00e9 (e), engag\u00e9(e) et impliqu\u00e9(e).<br \/>\n<\/strong><\/p>\n<p><strong>Paiement possible en 3 fois possible sur les 3 premiers mois \u00e0 compter de l\u2019achat. Me contacter par t\u00e9l\u00e9phone ou le formulaire de contact. Une autre question? Me contacter.<br \/>\nPr\u00eat (e) \u00e0 oser franchir le pas et atteindre vos objectifs? Je serai ravie d\u2019\u00eatre votre alli\u00e9e strat\u00e9gique, votre coach.<br \/>\nProfitez de votre offre privil\u00e9gi\u00e9e Flash Coaching 20 s\u00e9ances en cliquant ci-dessous sur le bouton \u201cAjouter au panier\u201d.<\/strong><\/p>","protected":false},"featured_media":5948,"comment_status":"open","ping_status":"closed","template":"","meta":{"_et_pb_use_builder":"","_et_pb_old_content":"","_et_gb_content_width":""},"product_brand":[],"product_cat":[29],"product_tag":[],"class_list":{"0":"post-5949","1":"product","2":"type-product","3":"status-publish","4":"has-post-thumbnail","6":"product_cat-coachingpro","8":"first","9":"instock","10":"downloadable","11":"virtual","12":"purchasable","13":"product-type-simple"},"_links":{"self":[{"href":"https:\/\/diragir.com\/fr\/wp-json\/wp\/v2\/product\/5949","targetHints":{"allow":["GET"]}}],"collection":[{"href":"https:\/\/diragir.com\/fr\/wp-json\/wp\/v2\/product"}],"about":[{"href":"https:\/\/diragir.com\/fr\/wp-json\/wp\/v2\/types\/product"}],"replies":[{"embeddable":true,"href":"https:\/\/diragir.com\/fr\/wp-json\/wp\/v2\/comments?post=5949"}],"wp:featuredmedia":[{"embeddable":true,"href":"https:\/\/diragir.com\/fr\/wp-json\/wp\/v2\/media\/5948"}],"wp:attachment":[{"href":"https:\/\/diragir.com\/fr\/wp-json\/wp\/v2\/media?parent=5949"}],"wp:term":[{"taxonomy":"product_brand","embeddable":true,"href":"https:\/\/diragir.com\/fr\/wp-json\/wp\/v2\/product_brand?post=5949"},{"taxonomy":"product_cat","embeddable":true,"href":"https:\/\/diragir.com\/fr\/wp-json\/wp\/v2\/product_cat?post=5949"},{"taxonomy":"product_tag","embeddable":true,"href":"https:\/\/diragir.com\/fr\/wp-json\/wp\/v2\/product_tag?post=5949"}],"curies":[{"name":"wp","href":"https:\/\/api.w.org\/{rel}","templated":true}]}}